{"id":6058,"date":"2023-05-03T21:36:35","date_gmt":"2023-05-03T20:36:35","guid":{"rendered":"https:\/\/imagine.aiopi.fi\/?page_id=6058"},"modified":"2023-05-03T21:48:00","modified_gmt":"2023-05-03T20:48:00","slug":"marque-as-suas-aulas","status":"publish","type":"page","link":"https:\/\/imagine.aiopi.fi\/pt-pt\/marque-as-suas-aulas\/","title":{"rendered":"Marque as Suas Aulas"},"content":{"rendered":"[vc_section full_width=&#8221;stretch_row&#8221; css=&#8221;.vc_custom_1683139621348{margin-top: -80px !important;padding-top: 350px !important;padding-bottom: 350px !important;background-image: url(https:\/\/imagine.aiopi.fi\/wp-content\/uploads\/2020\/08\/Aulas-solidarias.jpg?id=4514) !important;background-position: center !important;background-repeat: no-repeat !important;background-size: cover !important;}&#8221;][\/vc_section][vc_row full_width=&#8221;stretch_row&#8221; column_separator_row=&#8221;&#8221;][vc_column width=&#8221;5\/6&#8243; offset=&#8221;vc_col-sm-offset-1&#8243;][gt3_spacing height=&#8221;41px&#8221;][gt3_custom_text text_color=&#8221;#27323d&#8221; font_size=&#8221;30&#8243; use_theme_fonts=&#8221;&#8221; google_fonts_text=&#8221;font_family:Montserrat%3Aregular%2C700|font_style:400%20regular%3A400%3Anormal&#8221;]\n<h1 style=\"text-align: left;\">Quer aprender a surfar?<\/h1>\n<p style=\"text-align: left;\">Apanhe a sua primeira onda com a Imagine Surf School na Praia da Comporta<\/p>\n[\/gt3_custom_text][gt3_spacing height=&#8221;21px&#8221;][gt3_custom_text text_color=&#8221;#737d84&#8243; font_size=&#8221;18&#8243; line_height=&#8221;170&#8243; use_theme_fonts=&#8221;&#8221; google_fonts_text=&#8221;font_family:Montserrat%3Aregular%2C700|font_style:400%20regular%3A400%3Anormal&#8221;]\n<p style=\"text-align: left;\"><strong>Est\u00e1 \u00e0 procura de aulas de surf na Comporta?<\/strong> Certificada pela Federa\u00e7\u00e3o Portuguesa de Surf, a <strong>Imagine Surf School oferece-lhe aulas de surf e aluguer de pranchas<\/strong>. As nossas aulas de surf adequam-se a crian\u00e7as e adultos de todos os n\u00edveis, desde principiantes a surfistas avan\u00e7ados. <strong>Oferecemos uma variedade de pacotes que v\u00e3o desde aulas de surf em grupo a aulas particulares para pequenos grupos ou individuais<\/strong>. Se tiver alguma quest\u00e3o sobre aulas de surf ou pacotes, por favor contacte-nos.<\/p>\n[\/gt3_custom_text][gt3_spacing height=&#8221;21px&#8221;][vc_row_inner][vc_column_inner width=&#8221;1\/2&#8243;][vc_single_image image=&#8221;4365&#8243; img_size=&#8221;600 x 400&#8243;][gt3_spacing height=&#8221;21px&#8221;][gt3_custom_text text_color=&#8221;#27323d&#8221; font_size=&#8221;30&#8243; use_theme_fonts=&#8221;&#8221; google_fonts_text=&#8221;font_family:Montserrat%3Aregular%2C700|font_style:400%20regular%3A400%3Anormal&#8221;]\n<p style=\"text-align: left;\"><strong>Aulas em grupo<\/strong>: Partilhe o entusiasmo<\/p>\n[\/gt3_custom_text][gt3_spacing height=&#8221;21px&#8221;][gt3_custom_text text_color=&#8221;#737d84&#8243; font_size=&#8221;18&#8243; line_height=&#8221;170&#8243; use_theme_fonts=&#8221;&#8221; google_fonts_text=&#8221;font_family:Montserrat%3Aregular%2C700|font_style:400%20regular%3A400%3Anormal&#8221;]\n<p style=\"text-align: left;\">Experimente a emo\u00e7\u00e3o de surfar as ondas com os seus amigos e fam\u00edlia. Os nossos instrutores profissionais ir\u00e3o gui\u00e1-lo atrav\u00e9s dos princ\u00edpios b\u00e1sicos e garantir que todos se divertem na \u00e1gua.<\/p>\n[\/gt3_custom_text][gt3_spacing height=&#8221;21px&#8221;][\/vc_column_inner][vc_column_inner width=&#8221;1\/2&#8243;][vc_single_image image=&#8221;4592&#8243; img_size=&#8221;600 x 400&#8243;][gt3_spacing height=&#8221;21px&#8221;][gt3_custom_text text_color=&#8221;#27323d&#8221; font_size=&#8221;30&#8243; use_theme_fonts=&#8221;&#8221; google_fonts_text=&#8221;font_family:Montserrat%3Aregular%2C700|font_style:400%20regular%3A400%3Anormal&#8221;]\n<p style=\"text-align: left;\"><strong>Aulas particulares<\/strong>: Acelere o seu progresso<\/p>\n[\/gt3_custom_text][gt3_spacing height=&#8221;21px&#8221;][gt3_custom_text text_color=&#8221;#737d84&#8243; font_size=&#8221;18&#8243; line_height=&#8221;170&#8243; use_theme_fonts=&#8221;&#8221; google_fonts_text=&#8221;font_family:Montserrat%3Aregular%2C700|font_style:400%20regular%3A400%3Anormal&#8221;]\n<p style=\"text-align: left;\">As aulas particulares de surf destinam-se a todos aqueles que querem aprender a surfar ou melhorar a sua t\u00e9cnica de surf o mais rapidamente poss\u00edvel. S\u00e3o adequadas para alunos de todos os n\u00edveis e idades.<\/p>\n[\/gt3_custom_text][gt3_spacing height=&#8221;21px&#8221;][\/vc_column_inner][\/vc_row_inner][\/vc_column][\/vc_row][vc_row full_width=&#8221;stretch_row&#8221; column_separator_row=&#8221;&#8221; masked_row=&#8221;true&#8221; mask_image=&#8221;3692&#8243; css=&#8221;.vc_custom_1596404248038{background-image: url(https:\/\/imagine.aiopi.fi\/wp-content\/uploads\/2020\/08\/Mapafinal.jpg?id=4435) !important;background-position: center !important;background-repeat: no-repeat !important;background-size: cover !important;}&#8221;][vc_column width=&#8221;3\/5&#8243; offset=&#8221;vc_col-lg-offset-1\/5&#8243;][gt3_spacing height=&#8221;41px&#8221;][gt3_custom_text text_color=&#8221;#ffffff&#8221; font_size=&#8221;30&#8243; line_height=&#8221;100&#8243; use_theme_fonts=&#8221;&#8221; google_fonts_text=&#8221;font_family:Montserrat%3Aregular%2C700|font_style:400%20regular%3A400%3Anormal&#8221; responsive_font=&#8221;true&#8221; font_size_mobile=&#8221;28&#8243;]\n<h3 style=\"text-align: left;\">Reserve Hoje a Sua Aula de Surf<\/h3>\n[\/gt3_custom_text][gt3_spacing height=&#8221;21px&#8221;][gt3_custom_text text_color=&#8221;#ffffff&#8221; font_size=&#8221;18&#8243; line_height=&#8221;170&#8243; use_theme_fonts=&#8221;&#8221; google_fonts_text=&#8221;font_family:Montserrat%3Aregular%2C700|font_style:400%20regular%3A400%3Anormal&#8221;]N\u00e3o espere mais. Experimente a emo\u00e7\u00e3o de surfar na praia da Comporta com a Imagine Surf School.<\/p>\n<p>Preencha o formul\u00e1rio abaixo para garantir o seu lugar e aproveite o nosso desconto para grupos de 10% por tempo limitado.[\/gt3_custom_text][vc_raw_html]JTNDaWZyYW1lJTIwJTBBJTIwJTIwJTIwJTIwJTIwJTIwJTIwJTIwJTIwJTIwc3JjJTNEJTIyaHR0cHMlM0ElMkYlMkZsaW5rLnVzZWdyb3d0aGxhYi5jb20lMkZ3aWRnZXQlMkZmb3JtJTJGekhoOVhadlJUejV2RGFHMGFqSnUlMjIlMjAlMEElMjAlMjAlMjAlMjAlMjAlMjAlMjAlMjAlMjAlMjBzdHlsZSUzRCUyMndpZHRoJTNBMTAwJTI1JTNCaGVpZ2h0JTNBMTAwJTI1JTNCYm9yZGVyJTNBbm9uZSUzQmJvcmRlci1yYWRpdXMlM0E0cHglMjIlMEElMjAlMjAlMjAlMjAlMjAlMjAlMjAlMjAlMjAlMjBpZCUzRCUyMmlubGluZS16SGg5WFp2UlR6NXZEYUcwYWpKdSUyMiUyMCUwQSUyMCUyMCUyMCUyMCUyMCUyMCUyMCUyMGRhdGEtbGF5b3V0JTNEJTIyJTdCJTI3aWQlMjclM0ElMjdJTkxJTkUlMjclN0QlMjIlMEElMjAlMjAlMjAlMjAlMjAlMjAlMjAlMjBkYXRhLXRyaWdnZXItdHlwZSUzRCUyMmFsd2F5c1Nob3clMjIlMEElMjAlMjAlMjAlMjAlMjAlMjAlMjAlMjBkYXRhLXRyaWdnZXItdmFsdWUlM0QlMjIlMjIlMEElMjAlMjAlMjAlMjAlMjAlMjAlMjAlMjBkYXRhLWFjdGl2YXRpb24tdHlwZSUzRCUyMmFsd2F5c0FjdGl2YXRlZCUyMiUwQSUyMCUyMCUyMCUyMCUyMCUyMCUyMCUyMGRhdGEtYWN0aXZhdGlvbi12YWx1ZSUzRCUyMiUyMiUwQSUyMCUyMCUyMCUyMCUyMCUyMCUyMCUyMGRhdGEtZGVhY3RpdmF0aW9uLXR5cGUlM0QlMjJuZXZlckRlYWN0aXZhdGUlMjIlMEElMjAlMjAlMjAlMjAlMjAlMjAlMjAlMjBkYXRhLWRlYWN0aXZhdGlvbi12YWx1ZSUzRCUyMiUyMiUwQSUyMCUyMCUyMCUyMCUyMCUyMCUyMCUyMGRhdGEtZm9ybS1uYW1lJTNEJTIyRm9ybSUyMFBUJTIyJTBBJTIwJTIwJTIwJTIwJTIwJTIwJTIwJTIwZGF0YS1oZWlnaHQlM0QlMjI1ODElMjIlMEElMjAlMjAlMjAlMjAlMjAlMjAlMjAlMjBkYXRhLWxheW91dC1pZnJhbWUtaWQlM0QlMjJpbmxpbmUtekhoOVhadlJUejV2RGFHMGFqSnUlMjIlMEElMjAlMjAlMjAlMjAlMjAlMjAlMjAlMjBkYXRhLWZvcm0taWQlM0QlMjJ6SGg5WFp2UlR6NXZEYUcwYWpKdSUyMiUwQSUyMCUyMCUyMCUyMCUyMCUyMCUyMCUyMHRpdGxlJTNEJTIyRm9ybSUyMFBUJTIyJTBBJTIwJTIwJTIwJTIwJTIwJTIwJTNFJTBBJTIwJTIwJTIwJTIwJTIwJTIwJTIwJTIwJTNDJTJGaWZyYW1lJTNFJTBBJTIwJTIwJTIwJTIwJTIwJTIwJTIwJTIwJTNDc2NyaXB0JTIwc3JjJTNEJTIyaHR0cHMlM0ElMkYlMkZsaW5rLnVzZWdyb3d0aGxhYi5jb20lMkZqcyUyRmZvcm1fZW1iZWQuanMlMjIlM0UlM0MlMkZzY3JpcHQlM0UlMEElMjAlMjAlMjAlMjAlMjAlMjA=[\/vc_raw_html][\/vc_column][\/vc_row][vc_row full_width=&#8221;stretch_row&#8221; column_separator_row=&#8221;&#8221; masked_row=&#8221;&#8221; css=&#8221;.vc_custom_1618335782700{padding-top: 40px !important;padding-bottom: 40px !important;}&#8221;][vc_column][gt3_spacing height=&#8221;36px&#8221;][vc_single_image image=&#8221;5762&#8243; img_size=&#8221;medium&#8221; alignment=&#8221;center&#8221;][gt3_spacing height=&#8221;36px&#8221;][gt3_custom_text text_color=&#8221;#27323d&#8221; font_size=&#8221;30&#8243; use_theme_fonts=&#8221;&#8221; google_fonts_text=&#8221;font_family:Montserrat%3Aregular%2C700|font_style:400%20regular%3A400%3Anormal&#8221;]\n<h3 style=\"text-align: left;\">Hist\u00f3rias Reais de Surfistas Felizes<\/h3>\n[\/gt3_custom_text][gt3_spacing height=&#8221;30px&#8221;][vc_raw_html]JTVCZ3J3JTIwaWQlM0QlMjI1NzY4JTIyJTVE[\/vc_raw_html][\/vc_column][\/vc_row][vc_row full_width=&#8221;stretch_row&#8221; column_separator_row=&#8221;&#8221; masked_row=&#8221;true&#8221; mask_image=&#8221;3692&#8243; css=&#8221;.vc_custom_1659725032172{margin-bottom: -10px !important;background-image: url(https:\/\/imagine.aiopi.fi\/wp-content\/uploads\/2021\/03\/New-Banner-Photo.jpg?id=5602) !important;background-position: center !important;background-repeat: no-repeat !important;background-size: cover !important;}&#8221;][vc_column width=&#8221;1\/2&#8243; offset=&#8221;vc_col-xs-10&#8243;][gt3_spacing height=&#8221;81px&#8221;][gt3_custom_text text_color=&#8221;#27323d&#8221; font_size=&#8221;30&#8243; line_height=&#8221;155&#8243; use_theme_fonts=&#8221;&#8221; google_fonts_text=&#8221;font_family:Montserrat%3Aregular%2C700|font_style:400%20regular%3A400%3Anormal&#8221;]\n<h2 style=\"text-align: left;\">Porqu\u00ea a nossa Escola de Surf?<\/h2>\n[\/gt3_custom_text][gt3_spacing height=&#8221;19px&#8221;][gt3_custom_text text_color=&#8221;#737d84&#8243; font_size=&#8221;18&#8243; line_height=&#8221;170&#8243; use_theme_fonts=&#8221;&#8221; google_fonts_text=&#8221;font_family:Montserrat%3Aregular%2C700|font_style:400%20regular%3A400%3Anormal&#8221;]\n<p style=\"text-align: left;\">A <strong>Imagine Surf School<\/strong> tem como objectivo proporcionar uma experi\u00eancia \u00fanica a quem a procura. Respeitando todas as normas de seguran\u00e7a, desfrutar\u00e1 de momentos tranquilos e divertidos.<\/p>\n[\/gt3_custom_text][gt3_spacing height=&#8221;41px&#8221;][vc_row_inner][vc_column_inner offset=&#8221;vc_col-md-6&#8243;][gt3_icon_box icon_type=&#8221;image&#8221; thumbnail=&#8221;4353&#8243; icon_vertical_position=&#8221;center&#8221; icon_position=&#8221;left&#8221; icon_size=&#8221;regular&#8221; title_tag=&#8221;h4&#8243; iconbox_title_size=&#8221;18&#8243; use_theme_fonts_iconbox_title=&#8221;&#8221; google_fonts_iconbox_title=&#8221;font_family:Montserrat%3Aregular%2C700|font_style:400%20regular%3A400%3Anormal&#8221; iconbox_content_size=&#8221;16&#8243; title_color=&#8221;#2b3152&#8243; text_color=&#8221;#848d95&#8243; link_color=&#8221;#5dbafc&#8221; link_hover_color=&#8221;#2b3152&#8243; new_tab=&#8221;&#8221; icon_circle=&#8221;&#8221; heading=&#8221;EQUIPAMENTO&#8221;][gt3_spacing height=&#8221;28px&#8221;][gt3_icon_box icon_type=&#8221;image&#8221; thumbnail=&#8221;4348&#8243; icon_vertical_position=&#8221;center&#8221; icon_position=&#8221;left&#8221; icon_size=&#8221;regular&#8221; title_tag=&#8221;h3&#8243; iconbox_title_size=&#8221;18&#8243; use_theme_fonts_iconbox_title=&#8221;&#8221; google_fonts_iconbox_title=&#8221;font_family:Montserrat%3Aregular%2C700|font_style:400%20regular%3A400%3Anormal&#8221; iconbox_content_size=&#8221;14&#8243; title_color=&#8221;#2b3152&#8243; text_color=&#8221;#848d95&#8243; link_color=&#8221;#5dbafc&#8221; link_hover_color=&#8221;#2b3152&#8243; new_tab=&#8221;&#8221; icon_circle=&#8221;&#8221; heading=&#8221;TREINADOR CERTIFICADO&#8221;][\/vc_column_inner][vc_column_inner offset=&#8221;vc_col-md-6&#8243;][gt3_icon_box icon_type=&#8221;image&#8221; thumbnail=&#8221;4349&#8243; icon_vertical_position=&#8221;center&#8221; icon_position=&#8221;left&#8221; icon_size=&#8221;regular&#8221; title_tag=&#8221;h3&#8243; iconbox_title_size=&#8221;18&#8243; use_theme_fonts_iconbox_title=&#8221;&#8221; google_fonts_iconbox_title=&#8221;font_family:Montserrat%3Aregular%2C700|font_style:400%20regular%3A400%3Anormal&#8221; iconbox_content_size=&#8221;14&#8243; title_color=&#8221;#2b3152&#8243; text_color=&#8221;#848d95&#8243; link_color=&#8221;#5dbafc&#8221; link_hover_color=&#8221;#2b3152&#8243; new_tab=&#8221;&#8221; icon_circle=&#8221;&#8221; heading=&#8221;SEGURO&#8221;][gt3_spacing height=&#8221;28px&#8221;][gt3_icon_box icon_type=&#8221;image&#8221; thumbnail=&#8221;4351&#8243; icon_vertical_position=&#8221;center&#8221; icon_position=&#8221;left&#8221; icon_size=&#8221;regular&#8221; title_tag=&#8221;h4&#8243; iconbox_title_size=&#8221;18&#8243; use_theme_fonts_iconbox_title=&#8221;&#8221; google_fonts_iconbox_title=&#8221;font_family:Montserrat%3Aregular%2C700|font_style:400%20regular%3A400%3Anormal&#8221; iconbox_content_size=&#8221;14&#8243; title_color=&#8221;#2b3152&#8243; text_color=&#8221;#848d95&#8243; link_color=&#8221;#5dbafc&#8221; link_hover_color=&#8221;#2b3152&#8243; new_tab=&#8221;&#8221; icon_circle=&#8221;&#8221; heading=&#8221;PEGADA AMBIENTAL&#8221;][\/vc_column_inner][\/vc_row_inner][gt3_spacing height=&#8221;81px&#8221;][\/vc_column][vc_column width=&#8221;1\/2&#8243; offset=&#8221;vc_hidden-xs&#8221;][\/vc_column][\/vc_row][vc_row column_separator_row=&#8221;&#8221; masked_row=&#8221;&#8221; css=&#8221;.vc_custom_1683145649984{padding-top: 20px !important;}&#8221;][vc_column][vc_column_text]\n<p style=\"text-align: center;\"><a href=\"https:\/\/imagine.aiopi.fi\/politica-de-privacidade\/\">Pol\u00edtica de privacidade<\/a> e <a href=\"https:\/\/imagine.aiopi.fi\/termos-e-condicoes\/\" target=\"_blank\" rel=\"noopener\">Termos e condi\u00e7\u00f5es<\/a><\/p>\n[\/vc_column_text][\/vc_column][\/vc_row]\n","protected":false},"excerpt":{"rendered":"<p>[vc_section full_width=&#8221;stretch_row&#8221; css=&#8221;.vc_custom_1683139621348{margin-top: -80px !important;padding-top: 350px !important;padding-bottom: 350px !important;background-image: url(https:\/\/imagine.aiopi.fi\/wp-content\/uploads\/2020\/08\/Aulas-solidarias.jpg?id=4514) !important;background-position: center !important;background-repeat: no-repeat !important;background-size: cover !important;}&#8221;][\/vc_section][vc_row full_width=&#8221;stretch_row&#8221; column_separator_row=&#8221;&#8221;][vc_column width=&#8221;5\/6&#8243; offset=&#8221;vc_col-sm-offset-1&#8243;][gt3_spacing height=&#8221;41px&#8221;][gt3_custom_text text_color=&#8221;#27323d&#8221; font_size=&#8221;30&#8243; use_theme_fonts=&#8221;&#8221; google_fonts_text=&#8221;font_family:Montserrat%3Aregular%2C700|font_style:400%20regular%3A400%3Anormal&#8221;] Quer aprender a surfar? Apanhe a sua primeira onda com a Imagine Surf School na Praia da Comporta [\/gt3_custom_text][gt3_spacing height=&#8221;21px&#8221;][gt3_custom_text text_color=&#8221;#737d84&#8243; font_size=&#8221;18&#8243; line_height=&#8221;170&#8243; use_theme_fonts=&#8221;&#8221; google_fonts_text=&#8221;font_family:Montserrat%3Aregular%2C700|font_style:400%20regular%3A400%3Anormal&#8221;] Est\u00e1 \u00e0 procura de [&hellip;]<\/p>\n","protected":false},"author":1,"featured_media":4365,"parent":0,"menu_order":0,"comment_status":"closed","ping_status":"closed","template":"full-width.php","meta":{"_vp_format_video_url":"","_vp_image_focal_point":[],"_joinchat":{"message_text":"Ol\u00e1, podemos ajudar?","message_send":"Ol\u00e1 {SITE}! Eu preciso de mais informa\u00e7\u00f5es sobre {TITLE} {URL}","view":"no"},"footnotes":""},"class_list":["post-6058","page","type-page","status-publish","has-post-thumbnail","hentry"],"yoast_head":"<!-- This site is optimized with the Yoast SEO plugin v26.9 - https:\/\/yoast.com\/product\/yoast-seo-wordpress\/ -->\n<title>Imagine Surf School - A New Spirit Of Surfing - Surf Comporta - Portugal<\/title>\n<meta name=\"description\" content=\"A Imagine Surf School Comporta, desenvolveu uma gama de servi\u00e7os dirigida a todo o tipo de surfistas. Na Costa Vicentina...\" \/>\n<meta name=\"robots\" content=\"noindex, follow, max-snippet:-1, max-image-preview:large, max-video-preview:-1\" \/>\n<meta property=\"og:locale\" content=\"pt_PT\" \/>\n<meta property=\"og:type\" content=\"article\" \/>\n<meta property=\"og:title\" content=\"Imagine Surf School - A New Spirit Of Surfing - Surf Comporta - Portugal\" \/>\n<meta property=\"og:description\" content=\"A Imagine Surf School Comporta, desenvolveu uma gama de servi\u00e7os dirigida a todo o tipo de surfistas. Na Costa Vicentina...\" \/>\n<meta property=\"og:url\" content=\"https:\/\/imagine.aiopi.fi\/pt-pt\/marque-as-suas-aulas\/\" \/>\n<meta property=\"og:site_name\" content=\"Imagine Surf School\" \/>\n<meta property=\"article:publisher\" content=\"https:\/\/www.facebook.com\/imagine.surfschool\/\" \/>\n<meta property=\"article:modified_time\" content=\"2023-05-03T20:48:00+00:00\" \/>\n<meta property=\"og:image\" content=\"https:\/\/imagine.aiopi.fi\/wp-content\/uploads\/2020\/07\/Baptismo-de-surf-1920x1080menor.jpg\" \/>\n\t<meta property=\"og:image:width\" content=\"1920\" \/>\n\t<meta property=\"og:image:height\" content=\"1080\" \/>\n\t<meta property=\"og:image:type\" content=\"image\/jpeg\" \/>\n<meta name=\"twitter:card\" content=\"summary_large_image\" \/>\n<meta name=\"twitter:label1\" content=\"Tempo estimado de leitura\" \/>\n\t<meta name=\"twitter:data1\" content=\"3 minutos\" \/>\n<script type=\"application\/ld+json\" class=\"yoast-schema-graph\">{\"@context\":\"https:\/\/schema.org\",\"@graph\":[{\"@type\":\"WebPage\",\"@id\":\"https:\/\/imagine.aiopi.fi\/pt-pt\/marque-as-suas-aulas\/\",\"url\":\"https:\/\/imagine.aiopi.fi\/pt-pt\/marque-as-suas-aulas\/\",\"name\":\"Imagine Surf School - A New Spirit Of Surfing - Surf Comporta - Portugal\",\"isPartOf\":{\"@id\":\"https:\/\/imagine.aiopi.fi\/pt-pt\/#website\"},\"primaryImageOfPage\":{\"@id\":\"https:\/\/imagine.aiopi.fi\/pt-pt\/marque-as-suas-aulas\/#primaryimage\"},\"image\":{\"@id\":\"https:\/\/imagine.aiopi.fi\/pt-pt\/marque-as-suas-aulas\/#primaryimage\"},\"thumbnailUrl\":\"https:\/\/imagine.aiopi.fi\/wp-content\/uploads\/2020\/07\/Baptismo-de-surf-1920x1080menor.jpg\",\"datePublished\":\"2023-05-03T20:36:35+00:00\",\"dateModified\":\"2023-05-03T20:48:00+00:00\",\"description\":\"A Imagine Surf School Comporta, desenvolveu uma gama de servi\u00e7os dirigida a todo o tipo de surfistas. Na Costa Vicentina...\",\"breadcrumb\":{\"@id\":\"https:\/\/imagine.aiopi.fi\/pt-pt\/marque-as-suas-aulas\/#breadcrumb\"},\"inLanguage\":\"pt-PT\",\"potentialAction\":[{\"@type\":\"ReadAction\",\"target\":[\"https:\/\/imagine.aiopi.fi\/pt-pt\/marque-as-suas-aulas\/\"]}]},{\"@type\":\"ImageObject\",\"inLanguage\":\"pt-PT\",\"@id\":\"https:\/\/imagine.aiopi.fi\/pt-pt\/marque-as-suas-aulas\/#primaryimage\",\"url\":\"https:\/\/imagine.aiopi.fi\/wp-content\/uploads\/2020\/07\/Baptismo-de-surf-1920x1080menor.jpg\",\"contentUrl\":\"https:\/\/imagine.aiopi.fi\/wp-content\/uploads\/2020\/07\/Baptismo-de-surf-1920x1080menor.jpg\",\"width\":1920,\"height\":1080},{\"@type\":\"BreadcrumbList\",\"@id\":\"https:\/\/imagine.aiopi.fi\/pt-pt\/marque-as-suas-aulas\/#breadcrumb\",\"itemListElement\":[{\"@type\":\"ListItem\",\"position\":1,\"name\":\"In\u00edcio\",\"item\":\"https:\/\/imagine.aiopi.fi\/pt-pt\/\"},{\"@type\":\"ListItem\",\"position\":2,\"name\":\"Marque as Suas Aulas\"}]},{\"@type\":\"WebSite\",\"@id\":\"https:\/\/imagine.aiopi.fi\/pt-pt\/#website\",\"url\":\"https:\/\/imagine.aiopi.fi\/pt-pt\/\",\"name\":\"Imagine Surf School\",\"description\":\"Um Novo Esp\u00edrito de Surf na Comporta\",\"publisher\":{\"@id\":\"https:\/\/imagine.aiopi.fi\/pt-pt\/#organization\"},\"potentialAction\":[{\"@type\":\"SearchAction\",\"target\":{\"@type\":\"EntryPoint\",\"urlTemplate\":\"https:\/\/imagine.aiopi.fi\/pt-pt\/?s={search_term_string}\"},\"query-input\":{\"@type\":\"PropertyValueSpecification\",\"valueRequired\":true,\"valueName\":\"search_term_string\"}}],\"inLanguage\":\"pt-PT\"},{\"@type\":\"Organization\",\"@id\":\"https:\/\/imagine.aiopi.fi\/pt-pt\/#organization\",\"name\":\"Imagine Surf School\",\"url\":\"https:\/\/imagine.aiopi.fi\/pt-pt\/\",\"logo\":{\"@type\":\"ImageObject\",\"inLanguage\":\"pt-PT\",\"@id\":\"https:\/\/imagine.aiopi.fi\/pt-pt\/#\/schema\/logo\/image\/\",\"url\":\"https:\/\/imagine.aiopi.fi\/wp-content\/uploads\/2020\/07\/IMAGINElogo512x205.png\",\"contentUrl\":\"https:\/\/imagine.aiopi.fi\/wp-content\/uploads\/2020\/07\/IMAGINElogo512x205.png\",\"width\":512,\"height\":205,\"caption\":\"Imagine Surf School\"},\"image\":{\"@id\":\"https:\/\/imagine.aiopi.fi\/pt-pt\/#\/schema\/logo\/image\/\"},\"sameAs\":[\"https:\/\/www.facebook.com\/imagine.surfschool\/\",\"https:\/\/www.instagram.com\/imagine.surfschool\/\"]}]}<\/script>\n<!-- \/ Yoast SEO plugin. -->","yoast_head_json":{"title":"Imagine Surf School - A New Spirit Of Surfing - Surf Comporta - Portugal","description":"A Imagine Surf School Comporta, desenvolveu uma gama de servi\u00e7os dirigida a todo o tipo de surfistas. Na Costa Vicentina...","robots":{"index":"noindex","follow":"follow","max-snippet":"max-snippet:-1","max-image-preview":"max-image-preview:large","max-video-preview":"max-video-preview:-1"},"og_locale":"pt_PT","og_type":"article","og_title":"Imagine Surf School - A New Spirit Of Surfing - Surf Comporta - Portugal","og_description":"A Imagine Surf School Comporta, desenvolveu uma gama de servi\u00e7os dirigida a todo o tipo de surfistas. Na Costa Vicentina...","og_url":"https:\/\/imagine.aiopi.fi\/pt-pt\/marque-as-suas-aulas\/","og_site_name":"Imagine Surf School","article_publisher":"https:\/\/www.facebook.com\/imagine.surfschool\/","article_modified_time":"2023-05-03T20:48:00+00:00","og_image":[{"width":1920,"height":1080,"url":"https:\/\/imagine.aiopi.fi\/wp-content\/uploads\/2020\/07\/Baptismo-de-surf-1920x1080menor.jpg","type":"image\/jpeg"}],"twitter_card":"summary_large_image","twitter_misc":{"Tempo estimado de leitura":"3 minutos"},"schema":{"@context":"https:\/\/schema.org","@graph":[{"@type":"WebPage","@id":"https:\/\/imagine.aiopi.fi\/pt-pt\/marque-as-suas-aulas\/","url":"https:\/\/imagine.aiopi.fi\/pt-pt\/marque-as-suas-aulas\/","name":"Imagine Surf School - A New Spirit Of Surfing - Surf Comporta - Portugal","isPartOf":{"@id":"https:\/\/imagine.aiopi.fi\/pt-pt\/#website"},"primaryImageOfPage":{"@id":"https:\/\/imagine.aiopi.fi\/pt-pt\/marque-as-suas-aulas\/#primaryimage"},"image":{"@id":"https:\/\/imagine.aiopi.fi\/pt-pt\/marque-as-suas-aulas\/#primaryimage"},"thumbnailUrl":"https:\/\/imagine.aiopi.fi\/wp-content\/uploads\/2020\/07\/Baptismo-de-surf-1920x1080menor.jpg","datePublished":"2023-05-03T20:36:35+00:00","dateModified":"2023-05-03T20:48:00+00:00","description":"A Imagine Surf School Comporta, desenvolveu uma gama de servi\u00e7os dirigida a todo o tipo de surfistas. Na Costa Vicentina...","breadcrumb":{"@id":"https:\/\/imagine.aiopi.fi\/pt-pt\/marque-as-suas-aulas\/#breadcrumb"},"inLanguage":"pt-PT","potentialAction":[{"@type":"ReadAction","target":["https:\/\/imagine.aiopi.fi\/pt-pt\/marque-as-suas-aulas\/"]}]},{"@type":"ImageObject","inLanguage":"pt-PT","@id":"https:\/\/imagine.aiopi.fi\/pt-pt\/marque-as-suas-aulas\/#primaryimage","url":"https:\/\/imagine.aiopi.fi\/wp-content\/uploads\/2020\/07\/Baptismo-de-surf-1920x1080menor.jpg","contentUrl":"https:\/\/imagine.aiopi.fi\/wp-content\/uploads\/2020\/07\/Baptismo-de-surf-1920x1080menor.jpg","width":1920,"height":1080},{"@type":"BreadcrumbList","@id":"https:\/\/imagine.aiopi.fi\/pt-pt\/marque-as-suas-aulas\/#breadcrumb","itemListElement":[{"@type":"ListItem","position":1,"name":"In\u00edcio","item":"https:\/\/imagine.aiopi.fi\/pt-pt\/"},{"@type":"ListItem","position":2,"name":"Marque as Suas Aulas"}]},{"@type":"WebSite","@id":"https:\/\/imagine.aiopi.fi\/pt-pt\/#website","url":"https:\/\/imagine.aiopi.fi\/pt-pt\/","name":"Imagine Surf School","description":"Um Novo Esp\u00edrito de Surf na Comporta","publisher":{"@id":"https:\/\/imagine.aiopi.fi\/pt-pt\/#organization"},"potentialAction":[{"@type":"SearchAction","target":{"@type":"EntryPoint","urlTemplate":"https:\/\/imagine.aiopi.fi\/pt-pt\/?s={search_term_string}"},"query-input":{"@type":"PropertyValueSpecification","valueRequired":true,"valueName":"search_term_string"}}],"inLanguage":"pt-PT"},{"@type":"Organization","@id":"https:\/\/imagine.aiopi.fi\/pt-pt\/#organization","name":"Imagine Surf School","url":"https:\/\/imagine.aiopi.fi\/pt-pt\/","logo":{"@type":"ImageObject","inLanguage":"pt-PT","@id":"https:\/\/imagine.aiopi.fi\/pt-pt\/#\/schema\/logo\/image\/","url":"https:\/\/imagine.aiopi.fi\/wp-content\/uploads\/2020\/07\/IMAGINElogo512x205.png","contentUrl":"https:\/\/imagine.aiopi.fi\/wp-content\/uploads\/2020\/07\/IMAGINElogo512x205.png","width":512,"height":205,"caption":"Imagine Surf School"},"image":{"@id":"https:\/\/imagine.aiopi.fi\/pt-pt\/#\/schema\/logo\/image\/"},"sameAs":["https:\/\/www.facebook.com\/imagine.surfschool\/","https:\/\/www.instagram.com\/imagine.surfschool\/"]}]}},"_links":{"self":[{"href":"https:\/\/imagine.aiopi.fi\/pt-pt\/wp-json\/wp\/v2\/pages\/6058","targetHints":{"allow":["GET"]}}],"collection":[{"href":"https:\/\/imagine.aiopi.fi\/pt-pt\/wp-json\/wp\/v2\/pages"}],"about":[{"href":"https:\/\/imagine.aiopi.fi\/pt-pt\/wp-json\/wp\/v2\/types\/page"}],"author":[{"embeddable":true,"href":"https:\/\/imagine.aiopi.fi\/pt-pt\/wp-json\/wp\/v2\/users\/1"}],"replies":[{"embeddable":true,"href":"https:\/\/imagine.aiopi.fi\/pt-pt\/wp-json\/wp\/v2\/comments?post=6058"}],"version-history":[{"count":0,"href":"https:\/\/imagine.aiopi.fi\/pt-pt\/wp-json\/wp\/v2\/pages\/6058\/revisions"}],"wp:featuredmedia":[{"embeddable":true,"href":"https:\/\/imagine.aiopi.fi\/pt-pt\/wp-json\/wp\/v2\/media\/4365"}],"wp:attachment":[{"href":"https:\/\/imagine.aiopi.fi\/pt-pt\/wp-json\/wp\/v2\/media?parent=6058"}],"curies":[{"name":"wp","href":"https:\/\/api.w.org\/{rel}","templated":true}]}}