{"id":4521,"date":"2020-08-05T21:40:27","date_gmt":"2020-08-05T20:40:27","guid":{"rendered":"https:\/\/imagine.aiopi.fi\/?page_id=4521"},"modified":"2025-01-14T17:46:38","modified_gmt":"2025-01-14T17:46:38","slug":"iniciantes","status":"publish","type":"page","link":"https:\/\/imagine.aiopi.fi\/pt-pt\/iniciantes\/","title":{"rendered":"Iniciantes"},"content":{"rendered":"[vc_row full_width=&#8221;stretch_row&#8221; column_separator_row=&#8221;&#8221; masked_row=&#8221;&#8221; css=&#8221;.vc_custom_1596661307785{padding-bottom: 40px !important;}&#8221;][vc_column width=&#8221;5\/6&#8243; offset=&#8221;vc_col-sm-offset-1&#8243;][gt3_custom_text text_color=&#8221;#27323d&#8221; font_size=&#8221;30&#8243;]\n<p style=\"text-align: center;\"><strong>Aulas para Iniciantes<br \/>\n<\/strong>[\/gt3_custom_text][gt3_spacing height=&#8221;21px&#8221;][gt3_custom_text text_color=&#8221;#737d84&#8243; font_size=&#8221;18&#8243; line_height=&#8221;170&#8243;]\n<p style=\"text-align: left;\">As aulas de Surf para iniciantes s\u00e3o dadas na Praia do Pego, Comporta e s\u00e3o adequadas para alunos a partir dos 6 anos de idade.<\/p>\n<p>&nbsp;<\/p>\n<p style=\"text-align: left;\">Os alunos s\u00e3o estimulados a alcan\u00e7ar alguns objetivos, mas sempre num ambiente muito descontra\u00eddo e divertido.<\/p>\n<p>&nbsp;<\/p>\n<p style=\"text-align: left;\">Os objetivos a serem alcan\u00e7ados pelos alunos destas aulas s\u00e3o:<\/p>\n<p>&nbsp;<\/p>\n<ul class=\"gt3_styled_list\">\n<li style=\"text-align: left;\"><i class=\"gt3_list__icon fa fa-check\"><\/i>Transportar a prancha de surf;<\/li>\n<li style=\"text-align: left;\"><i class=\"gt3_list__icon fa fa-check\"><\/i>Aprender e respeitar todas as regras de seguran\u00e7a;<\/li>\n<li style=\"text-align: left;\"><i class=\"gt3_list__icon fa fa-check\"><\/i>Aprender a realizar os exerc\u00edcios de aquecimento;<\/li>\n<li style=\"text-align: left;\"><i class=\"gt3_list__icon fa fa-check\"><\/i>Aprender a t\u00e9cnica de Take-Off (levantar em cima da prancha)<\/li>\n<li style=\"text-align: left;\"><i class=\"gt3_list__icon fa fa-check\"><\/i>Posi\u00e7\u00e3o base;<\/li>\n<li style=\"text-align: left;\"><i class=\"gt3_list__icon fa fa-check\"><\/i>Tentar apanhar ondas e cortar para a esquerda ou direita na espuma.<\/li>\n<\/ul>\n[\/gt3_custom_text][gt3_spacing height=&#8221;21px&#8221;][\/vc_column][vc_column][vc_row_inner][vc_column_inner width=&#8221;1\/3&#8243;][gt3_icon_box icon_type=&#8221;font&#8221; icon_fontawesome=&#8221;fa fa-map-marker&#8221; icon_vertical_position=&#8221;center&#8221; icon_position=&#8221;left&#8221; icon_size=&#8221;regular&#8221; icon_color=&#8221;#eb5e6e&#8221; title_tag=&#8221;h4&#8243; iconbox_title_size=&#8221;18&#8243; use_theme_fonts_iconbox_title=&#8221;&#8221; google_fonts_iconbox_title=&#8221;font_family:Roboto%3A100%2C100italic%2C300%2C300italic%2Cregular%2Citalic%2C500%2C500italic%2C700%2C700italic%2C900%2C900italic|font_style:300%20light%20regular%3A300%3Anormal&#8221; iconbox_content_size=&#8221;16&#8243; title_color=&#8221;#2b3152&#8243; text_color=&#8221;#848d95&#8243; link_color=&#8221;#5dbafc&#8221; link_hover_color=&#8221;#2b3152&#8243; new_tab=&#8221;&#8221; icon_circle=&#8221;&#8221; heading=&#8221;ONDE&#8221; text=&#8221;Praia do Pego&#8221;][\/vc_column_inner][vc_column_inner width=&#8221;1\/3&#8243;][gt3_icon_box icon_type=&#8221;font&#8221; icon_fontawesome=&#8221;fa fa-clock-o&#8221; icon_vertical_position=&#8221;center&#8221; icon_position=&#8221;left&#8221; icon_size=&#8221;regular&#8221; icon_color=&#8221;#eb5e6e&#8221; title_tag=&#8221;h4&#8243; iconbox_title_size=&#8221;18&#8243; use_theme_fonts_iconbox_title=&#8221;&#8221; google_fonts_iconbox_title=&#8221;font_family:Roboto%3A100%2C100italic%2C300%2C300italic%2Cregular%2Citalic%2C500%2C500italic%2C700%2C700italic%2C900%2C900italic|font_style:300%20light%20regular%3A300%3Anormal&#8221; iconbox_content_size=&#8221;16&#8243; title_color=&#8221;#2b3152&#8243; text_color=&#8221;#848d95&#8243; link_color=&#8221;#5dbafc&#8221; link_hover_color=&#8221;#2b3152&#8243; new_tab=&#8221;&#8221; icon_circle=&#8221;&#8221; heading=&#8221;HOR\u00c1RIOS&#8221; text=&#8221;De acordo com as mar\u00e9s&#8221;][\/vc_column_inner][vc_column_inner width=&#8221;1\/3&#8243;][gt3_icon_box icon_type=&#8221;font&#8221; icon_fontawesome=&#8221;fa fa-info-circle&#8221; icon_vertical_position=&#8221;center&#8221; icon_position=&#8221;left&#8221; icon_size=&#8221;regular&#8221; icon_color=&#8221;#eb5e6e&#8221; title_tag=&#8221;h4&#8243; iconbox_title_size=&#8221;18&#8243; use_theme_fonts_iconbox_title=&#8221;&#8221; google_fonts_iconbox_title=&#8221;font_family:Roboto%3A100%2C100italic%2C300%2C300italic%2Cregular%2Citalic%2C500%2C500italic%2C700%2C700italic%2C900%2C900italic|font_style:300%20light%20regular%3A300%3Anormal&#8221; iconbox_content_size=&#8221;16&#8243; title_color=&#8221;#2b3152&#8243; text_color=&#8221;#848d95&#8243; link_color=&#8221;#5dbafc&#8221; link_hover_color=&#8221;#2b3152&#8243; new_tab=&#8221;&#8221; icon_circle=&#8221;&#8221; heading=&#8221;QUANTO TEMPO&#8221; text=&#8221;2 Horas&#8221;][\/vc_column_inner][\/vc_row_inner][\/vc_column][\/vc_row][vc_row full_width=&#8221;stretch_row&#8221; column_separator_row=&#8221;&#8221; masked_row=&#8221;true&#8221; mask_image=&#8221;3693&#8243; css=&#8221;.vc_custom_1616616205339{margin-bottom: -10px !important;background-image: url(https:\/\/imagine.aiopi.fi\/wp-content\/uploads\/2021\/03\/New-Banner-Photo.jpg?id=5602) !important;background-position: center !important;background-repeat: no-repeat !important;background-size: cover !important;}&#8221;][vc_column width=&#8221;1\/2&#8243; offset=&#8221;vc_col-xs-10&#8243;][gt3_spacing height=&#8221;81px&#8221; responsive_es=&#8221;true&#8221; height_mobile=&#8221;30&#8243;][gt3_custom_text text_color=&#8221;#27323d&#8221; font_size=&#8221;30&#8243; line_height=&#8221;155&#8243;]<span style=\"font-weight: bold;\" class=\"gt3_font-weight\">O que est\u00e1 inclu\u00eddo<\/span>[\/gt3_custom_text][gt3_spacing height=&#8221;19px&#8221;][gt3_custom_text text_color=&#8221;#737d84&#8243; font_size=&#8221;16&#8243; line_height=&#8221;190&#8243;]A Imagine Surf School inclui em todas as suas Aulas todo o equipamento necess\u00e1rio \u00e0 pr\u00e1tica de surf (fato, leash e a prancha de surf), a desloca\u00e7\u00e3o at\u00e9 a praia escolhida, seguro contra acidentes, treinadores certificados, muita anima\u00e7\u00e3o e bom ambiente![\/gt3_custom_text][gt3_spacing height=&#8221;36px&#8221;][vc_row_inner][vc_column_inner offset=&#8221;vc_col-md-6&#8243;][gt3_icon_box icon_type=&#8221;image&#8221; thumbnail=&#8221;4353&#8243; icon_vertical_position=&#8221;center&#8221; icon_position=&#8221;left&#8221; icon_size=&#8221;regular&#8221; title_tag=&#8221;h4&#8243; iconbox_title_size=&#8221;18&#8243; use_theme_fonts_iconbox_title=&#8221;&#8221; google_fonts_iconbox_title=&#8221;font_family:Roboto%3A100%2C100italic%2C300%2C300italic%2Cregular%2Citalic%2C500%2C500italic%2C700%2C700italic%2C900%2C900italic|font_style:300%20light%20regular%3A300%3Anormal&#8221; iconbox_content_size=&#8221;16&#8243; title_color=&#8221;#2b3152&#8243; text_color=&#8221;#848d95&#8243; link_color=&#8221;#5dbafc&#8221; link_hover_color=&#8221;#2b3152&#8243; new_tab=&#8221;&#8221; icon_circle=&#8221;&#8221; heading=&#8221;EQUIPAMENTO&#8221; url=&#8221;#&#8221;][gt3_spacing height=&#8221;28px&#8221;][gt3_icon_box icon_type=&#8221;image&#8221; thumbnail=&#8221;4348&#8243; icon_vertical_position=&#8221;center&#8221; icon_position=&#8221;left&#8221; icon_size=&#8221;regular&#8221; title_tag=&#8221;h4&#8243; iconbox_title_size=&#8221;18&#8243; use_theme_fonts_iconbox_title=&#8221;&#8221; google_fonts_iconbox_title=&#8221;font_family:Roboto%3A100%2C100italic%2C300%2C300italic%2Cregular%2Citalic%2C500%2C500italic%2C700%2C700italic%2C900%2C900italic|font_style:300%20light%20regular%3A300%3Anormal&#8221; iconbox_content_size=&#8221;14&#8243; title_color=&#8221;#2b3152&#8243; text_color=&#8221;#848d95&#8243; link_color=&#8221;#5dbafc&#8221; link_hover_color=&#8221;#2b3152&#8243; new_tab=&#8221;&#8221; icon_circle=&#8221;&#8221; heading=&#8221;TREINADOR CERTIFICADO&#8221; url=&#8221;#&#8221;][\/vc_column_inner][vc_column_inner offset=&#8221;vc_col-md-6&#8243;][gt3_icon_box icon_type=&#8221;image&#8221; thumbnail=&#8221;4349&#8243; icon_vertical_position=&#8221;center&#8221; icon_position=&#8221;left&#8221; icon_size=&#8221;regular&#8221; title_tag=&#8221;h4&#8243; iconbox_title_size=&#8221;18&#8243; use_theme_fonts_iconbox_title=&#8221;&#8221; google_fonts_iconbox_title=&#8221;font_family:Roboto%3A100%2C100italic%2C300%2C300italic%2Cregular%2Citalic%2C500%2C500italic%2C700%2C700italic%2C900%2C900italic|font_style:300%20light%20regular%3A300%3Anormal&#8221; iconbox_content_size=&#8221;14&#8243; title_color=&#8221;#2b3152&#8243; text_color=&#8221;#848d95&#8243; link_color=&#8221;#5dbafc&#8221; link_hover_color=&#8221;#2b3152&#8243; new_tab=&#8221;&#8221; icon_circle=&#8221;&#8221; heading=&#8221;SEGURO&#8221; url=&#8221;#&#8221;][gt3_spacing height=&#8221;28px&#8221;][gt3_icon_box icon_type=&#8221;image&#8221; thumbnail=&#8221;2978&#8243; icon_vertical_position=&#8221;center&#8221; icon_position=&#8221;left&#8221; icon_size=&#8221;regular&#8221; title_tag=&#8221;h4&#8243; iconbox_title_size=&#8221;18&#8243; use_theme_fonts_iconbox_title=&#8221;&#8221; google_fonts_iconbox_title=&#8221;font_family:Roboto%3A100%2C100italic%2C300%2C300italic%2Cregular%2Citalic%2C500%2C500italic%2C700%2C700italic%2C900%2C900italic|font_style:300%20light%20regular%3A300%3Anormal&#8221; iconbox_content_size=&#8221;14&#8243; title_color=&#8221;#2b3152&#8243; text_color=&#8221;#848d95&#8243; link_color=&#8221;#5dbafc&#8221; link_hover_color=&#8221;#2b3152&#8243; new_tab=&#8221;&#8221; icon_circle=&#8221;&#8221; heading=&#8221;GOOD MOOD&#8221; url=&#8221;#&#8221;][\/vc_column_inner][\/vc_row_inner][gt3_spacing height=&#8221;46px&#8221;][gt3_spacing height=&#8221;90px&#8221; responsive_es=&#8221;true&#8221; height_mobile=&#8221;60&#8243;][\/vc_column][vc_column width=&#8221;1\/2&#8243; offset=&#8221;vc_hidden-xs&#8221;][\/vc_column][\/vc_row][vc_row full_width=&#8221;stretch_row&#8221;][vc_column width=&#8221;5\/6&#8243; offset=&#8221;vc_col-sm-offset-1&#8243;][gt3_spacing height=&#8221;80px&#8221; responsive_es=&#8221;true&#8221; height_mobile=&#8221;51&#8243;][gt3_custom_text text_color=&#8221;#27323d&#8221; font_size=&#8221;30&#8243;]\n<p style=\"text-align: center;\"><strong>Tabela de Pre\u00e7os<br \/>\n<\/strong>[\/gt3_custom_text][gt3_spacing height=&#8221;21px&#8221;][gt3_custom_text text_color=&#8221;#737d84&#8243; font_size=&#8221;18&#8243; line_height=&#8221;170&#8243;]\n<p style=\"text-align: center;\">Estes packs de aulas de surf podem ser realizados em grupo ou individualmente, independentemente do n\u00edvel de cada aluno.<\/p>\n[\/gt3_custom_text][gt3_spacing height=&#8221;43px&#8221;][gt3_button button_title=&#8221;saiba mais sobre os nossos pre\u00e7os&#8221; button_size=&#8221;large&#8221; button_alignment=&#8221;center&#8221; btn_border_radius=&#8221;3px&#8221; use_theme_button=&#8221;&#8221; btn_bg_color=&#8221;#eb5e6e&#8221; btn_text_color=&#8221;#ffffff&#8221; btn_bg_color_hover=&#8221;#ffffff&#8221; btn_text_color_hover=&#8221;#eb5e6e&#8221; btn_icon_color=&#8221;#ffffff&#8221; btn_icon_color_hover=&#8221;#ffffff&#8221; btn_border_color=&#8221;#eb5e6e&#8221; btn_border_color_hover=&#8221;#ffffff&#8221; link=&#8221;url:%23brave_open_popup_6217|title:Saiba%20mais%20sobre%20os%20nossos%20pre%C3%A7os||&#8221; item_el_class=&#8221;popmake-5227&#8243;][gt3_spacing height=&#8221;43px&#8221;][\/vc_column][\/vc_row][vc_row full_width=&#8221;stretch_row&#8221; column_separator_row=&#8221;&#8221; masked_row=&#8221;true&#8221; mask_image=&#8221;3692&#8243; css=&#8221;.vc_custom_1596404248038{background-image: url(https:\/\/imagine.aiopi.fi\/wp-content\/uploads\/2020\/08\/Mapafinal.jpg?id=4435) !important;background-position: center !important;background-repeat: no-repeat !important;background-size: cover !important;}&#8221;][vc_column][gt3_spacing height=&#8221;97px&#8221; responsive_es=&#8221;true&#8221; height_mobile=&#8221;47&#8243;][gt3_spacing height=&#8221;13px&#8221;][gt3_custom_text text_color=&#8221;#ffffff&#8221; font_size=&#8221;18&#8243; line_height=&#8221;190&#8243;]\n<p style=\"text-align: center;\"><span style=\"font-weight: 400;\" class=\"gt3_font-weight\">A MELHOR ESCOLA DE SURF ESPERA POR TI!<\/span><\/p>\n[\/gt3_custom_text][gt3_spacing height=&#8221;59px&#8221;][gt3_button button_title=&#8221;MARCA J\u00c1 A TUA AULA&#8221; button_size=&#8221;large&#8221; button_alignment=&#8221;center&#8221; btn_border_radius=&#8221;3px&#8221; use_theme_button=&#8221;&#8221; btn_bg_color=&#8221;#eb5e6e&#8221; btn_text_color=&#8221;#ffffff&#8221; btn_bg_color_hover=&#8221;#ffffff&#8221; btn_text_color_hover=&#8221;#eb5e6e&#8221; btn_icon_color=&#8221;#ffffff&#8221; btn_icon_color_hover=&#8221;#ffffff&#8221; btn_border_color=&#8221;#eb5e6e&#8221; btn_border_color_hover=&#8221;#ffffff&#8221; link=&#8221;url:https%3A%2F%2Fimagine.aiopi.fi%2Fpt-pt%2Fcontacto%2F|||&#8221;][gt3_spacing height=&#8221;103px&#8221;][gt3_custom_text text_color=&#8221;#909aa3&#8243; font_size=&#8221;16&#8243;]\n<p style=\"text-align: center;\">\u00a0<a class=\"gt3_icon_link gt3_custom_color\" href=\"https:\/\/www.instagram.com\/imagine.surfschool\" target=\"_blank\" style=\"font-size: 20px; color: #909aa3; margin-right: 9px; margin-left: 9px; margin-top: 10px;\" rel=\"noopener noreferrer\"><i class=\"fa fa-instagram\">\u00a0<\/i><\/a>\u00a0<a class=\"gt3_icon_link gt3_custom_color\" href=\"https:\/\/www.facebook.com\/imagine.surfschool\/\" target=\"_blank\" style=\"font-size: 20px; color: #909aa3; margin-right: 9px; margin-left: 9px; margin-top: 10px;\" rel=\"noopener noreferrer\"><i class=\"fa fa-facebook\">\u00a0<\/i><\/a><\/p>\n[\/gt3_custom_text][gt3_spacing height=&#8221;46px&#8221; responsive_es=&#8221;true&#8221; height_mobile=&#8221;23&#8243;][\/vc_column][\/vc_row][vc_row column_separator_row=&#8221;&#8221; el_class=&#8221;gt3_brands_list&#8221;][vc_column width=&#8221;1\/6&#8243;][gt3_spacing height=&#8221;47px&#8221; responsive_es=&#8221;true&#8221; height_mobile=&#8221;40&#8243;][vc_single_image image=&#8221;4394&#8243; img_size=&#8221;150&#215;150&#8243; alignment=&#8221;center&#8221;][gt3_spacing height=&#8221;47px&#8221; responsive_es=&#8221;true&#8221; height_mobile=&#8221;40&#8243;][\/vc_column][vc_column width=&#8221;1\/6&#8243;][gt3_spacing height=&#8221;47px&#8221; responsive_es=&#8221;true&#8221; height_mobile=&#8221;0px&#8221;][vc_single_image image=&#8221;4947&#8243; img_size=&#8221;150&#215;150&#8243; alignment=&#8221;center&#8221;][gt3_spacing height=&#8221;47px&#8221; responsive_es=&#8221;true&#8221; height_mobile=&#8221;40&#8243;][\/vc_column][vc_column width=&#8221;1\/6&#8243;][gt3_spacing height=&#8221;47px&#8221; responsive_es=&#8221;true&#8221; height_mobile=&#8221;0px&#8221;][vc_single_image image=&#8221;4397&#8243; img_size=&#8221;150&#215;150&#8243; alignment=&#8221;center&#8221;][gt3_spacing height=&#8221;47px&#8221; responsive_es=&#8221;true&#8221; height_mobile=&#8221;40&#8243;][\/vc_column][vc_column width=&#8221;1\/6&#8243;][gt3_spacing height=&#8221;47px&#8221; responsive_es=&#8221;true&#8221; height_mobile=&#8221;0px&#8221;][vc_single_image image=&#8221;4410&#8243; img_size=&#8221;150&#215;150&#8243; alignment=&#8221;center&#8221;][gt3_spacing height=&#8221;47px&#8221; responsive_es=&#8221;true&#8221; height_mobile=&#8221;0px&#8221;][\/vc_column][vc_column width=&#8221;1\/6&#8243;][gt3_spacing height=&#8221;47px&#8221; responsive_es=&#8221;true&#8221; height_mobile=&#8221;0px&#8221;][vc_single_image image=&#8221;4395&#8243; img_size=&#8221;150&#215;150&#8243; alignment=&#8221;center&#8221;][gt3_spacing height=&#8221;47px&#8221; responsive_es=&#8221;true&#8221; height_mobile=&#8221;0px&#8221;][\/vc_column][vc_column width=&#8221;1\/6&#8243;][gt3_spacing height=&#8221;47px&#8221; responsive_es=&#8221;true&#8221; height_mobile=&#8221;0px&#8221;][vc_single_image image=&#8221;4949&#8243; img_size=&#8221;150&#215;150&#8243; alignment=&#8221;center&#8221;][gt3_spacing height=&#8221;47px&#8221; responsive_es=&#8221;true&#8221; height_mobile=&#8221;0px&#8221;][\/vc_column][\/vc_row]\n","protected":false},"excerpt":{"rendered":"<p>[vc_row full_width=&#8221;stretch_row&#8221; column_separator_row=&#8221;&#8221; masked_row=&#8221;&#8221; css=&#8221;.vc_custom_1596661307785{padding-bottom: 40px !important;}&#8221;][vc_column width=&#8221;5\/6&#8243; offset=&#8221;vc_col-sm-offset-1&#8243;][gt3_custom_text text_color=&#8221;#27323d&#8221; font_size=&#8221;30&#8243;] Aulas para Iniciantes [\/gt3_custom_text][gt3_spacing height=&#8221;21px&#8221;][gt3_custom_text text_color=&#8221;#737d84&#8243; font_size=&#8221;18&#8243; line_height=&#8221;170&#8243;] As aulas de Surf para iniciantes s\u00e3o dadas na Praia do Pego, Comporta e s\u00e3o adequadas para alunos a partir dos 6 anos de idade. &nbsp; Os alunos s\u00e3o estimulados a alcan\u00e7ar alguns objetivos, mas sempre [&hellip;]<\/p>\n","protected":false},"author":1,"featured_media":4593,"parent":0,"menu_order":0,"comment_status":"closed","ping_status":"closed","template":"full-width.php","meta":{"_vp_format_video_url":"","_vp_image_focal_point":[],"_joinchat":[],"footnotes":""},"class_list":["post-4521","page","type-page","status-publish","has-post-thumbnail","hentry"],"yoast_head":"<!-- This site is optimized with the Yoast SEO plugin v26.9 - https:\/\/yoast.com\/product\/yoast-seo-wordpress\/ -->\n<title>Iniciantes - Imagine Surf School - Aulas para Iniciantes - Comporta<\/title>\n<meta name=\"description\" content=\"As aulas de Surf para iniciantes s\u00e3o dadas na Praia do Pego, Comporta e s\u00e3o adequadas para alunos a partir dos 6 anos de idade.\" \/>\n<meta name=\"robots\" content=\"noindex, follow, max-snippet:-1, max-image-preview:large, max-video-preview:-1\" \/>\n<meta property=\"og:locale\" content=\"pt_PT\" \/>\n<meta property=\"og:type\" content=\"article\" \/>\n<meta property=\"og:title\" content=\"Iniciantes - Imagine Surf School - Aulas para Iniciantes - Comporta\" \/>\n<meta property=\"og:description\" content=\"As aulas de Surf para iniciantes s\u00e3o dadas na Praia do Pego, Comporta e s\u00e3o adequadas para alunos a partir dos 6 anos de idade.\" \/>\n<meta property=\"og:url\" content=\"https:\/\/imagine.aiopi.fi\/pt-pt\/iniciantes\/\" \/>\n<meta property=\"og:site_name\" content=\"Imagine Surf School\" \/>\n<meta property=\"article:publisher\" content=\"https:\/\/www.facebook.com\/imagine.surfschool\/\" \/>\n<meta property=\"article:modified_time\" content=\"2025-01-14T17:46:38+00:00\" \/>\n<meta property=\"og:image\" content=\"https:\/\/imagine.aiopi.fi\/wp-content\/uploads\/2020\/08\/Beginner4.jpg\" \/>\n\t<meta property=\"og:image:width\" content=\"1920\" \/>\n\t<meta property=\"og:image:height\" content=\"1080\" \/>\n\t<meta property=\"og:image:type\" content=\"image\/jpeg\" \/>\n<meta name=\"twitter:card\" content=\"summary_large_image\" \/>\n<meta name=\"twitter:label1\" content=\"Tempo estimado de leitura\" \/>\n\t<meta name=\"twitter:data1\" content=\"8 minutos\" \/>\n<script type=\"application\/ld+json\" class=\"yoast-schema-graph\">{\"@context\":\"https:\/\/schema.org\",\"@graph\":[{\"@type\":\"WebPage\",\"@id\":\"https:\/\/imagine.aiopi.fi\/pt-pt\/iniciantes\/\",\"url\":\"https:\/\/imagine.aiopi.fi\/pt-pt\/iniciantes\/\",\"name\":\"Iniciantes - Imagine Surf School - Aulas para Iniciantes - Comporta\",\"isPartOf\":{\"@id\":\"https:\/\/imagine.aiopi.fi\/pt-pt\/#website\"},\"primaryImageOfPage\":{\"@id\":\"https:\/\/imagine.aiopi.fi\/pt-pt\/iniciantes\/#primaryimage\"},\"image\":{\"@id\":\"https:\/\/imagine.aiopi.fi\/pt-pt\/iniciantes\/#primaryimage\"},\"thumbnailUrl\":\"https:\/\/imagine.aiopi.fi\/wp-content\/uploads\/2020\/08\/Beginner4.jpg\",\"datePublished\":\"2020-08-05T20:40:27+00:00\",\"dateModified\":\"2025-01-14T17:46:38+00:00\",\"description\":\"As aulas de Surf para iniciantes s\u00e3o dadas na Praia do Pego, Comporta e s\u00e3o adequadas para alunos a partir dos 6 anos de idade.\",\"breadcrumb\":{\"@id\":\"https:\/\/imagine.aiopi.fi\/pt-pt\/iniciantes\/#breadcrumb\"},\"inLanguage\":\"pt-PT\",\"potentialAction\":[{\"@type\":\"ReadAction\",\"target\":[\"https:\/\/imagine.aiopi.fi\/pt-pt\/iniciantes\/\"]}]},{\"@type\":\"ImageObject\",\"inLanguage\":\"pt-PT\",\"@id\":\"https:\/\/imagine.aiopi.fi\/pt-pt\/iniciantes\/#primaryimage\",\"url\":\"https:\/\/imagine.aiopi.fi\/wp-content\/uploads\/2020\/08\/Beginner4.jpg\",\"contentUrl\":\"https:\/\/imagine.aiopi.fi\/wp-content\/uploads\/2020\/08\/Beginner4.jpg\",\"width\":1920,\"height\":1080},{\"@type\":\"BreadcrumbList\",\"@id\":\"https:\/\/imagine.aiopi.fi\/pt-pt\/iniciantes\/#breadcrumb\",\"itemListElement\":[{\"@type\":\"ListItem\",\"position\":1,\"name\":\"In\u00edcio\",\"item\":\"https:\/\/imagine.aiopi.fi\/pt-pt\/\"},{\"@type\":\"ListItem\",\"position\":2,\"name\":\"Iniciantes\"}]},{\"@type\":\"WebSite\",\"@id\":\"https:\/\/imagine.aiopi.fi\/pt-pt\/#website\",\"url\":\"https:\/\/imagine.aiopi.fi\/pt-pt\/\",\"name\":\"Imagine Surf School\",\"description\":\"Um Novo Esp\u00edrito de Surf na Comporta\",\"publisher\":{\"@id\":\"https:\/\/imagine.aiopi.fi\/pt-pt\/#organization\"},\"potentialAction\":[{\"@type\":\"SearchAction\",\"target\":{\"@type\":\"EntryPoint\",\"urlTemplate\":\"https:\/\/imagine.aiopi.fi\/pt-pt\/?s={search_term_string}\"},\"query-input\":{\"@type\":\"PropertyValueSpecification\",\"valueRequired\":true,\"valueName\":\"search_term_string\"}}],\"inLanguage\":\"pt-PT\"},{\"@type\":\"Organization\",\"@id\":\"https:\/\/imagine.aiopi.fi\/pt-pt\/#organization\",\"name\":\"Imagine Surf School\",\"url\":\"https:\/\/imagine.aiopi.fi\/pt-pt\/\",\"logo\":{\"@type\":\"ImageObject\",\"inLanguage\":\"pt-PT\",\"@id\":\"https:\/\/imagine.aiopi.fi\/pt-pt\/#\/schema\/logo\/image\/\",\"url\":\"https:\/\/imagine.aiopi.fi\/wp-content\/uploads\/2020\/07\/IMAGINElogo512x205.png\",\"contentUrl\":\"https:\/\/imagine.aiopi.fi\/wp-content\/uploads\/2020\/07\/IMAGINElogo512x205.png\",\"width\":512,\"height\":205,\"caption\":\"Imagine Surf School\"},\"image\":{\"@id\":\"https:\/\/imagine.aiopi.fi\/pt-pt\/#\/schema\/logo\/image\/\"},\"sameAs\":[\"https:\/\/www.facebook.com\/imagine.surfschool\/\",\"https:\/\/www.instagram.com\/imagine.surfschool\/\"]}]}<\/script>\n<!-- \/ Yoast SEO plugin. -->","yoast_head_json":{"title":"Iniciantes - Imagine Surf School - Aulas para Iniciantes - Comporta","description":"As aulas de Surf para iniciantes s\u00e3o dadas na Praia do Pego, Comporta e s\u00e3o adequadas para alunos a partir dos 6 anos de idade.","robots":{"index":"noindex","follow":"follow","max-snippet":"max-snippet:-1","max-image-preview":"max-image-preview:large","max-video-preview":"max-video-preview:-1"},"og_locale":"pt_PT","og_type":"article","og_title":"Iniciantes - Imagine Surf School - Aulas para Iniciantes - Comporta","og_description":"As aulas de Surf para iniciantes s\u00e3o dadas na Praia do Pego, Comporta e s\u00e3o adequadas para alunos a partir dos 6 anos de idade.","og_url":"https:\/\/imagine.aiopi.fi\/pt-pt\/iniciantes\/","og_site_name":"Imagine Surf School","article_publisher":"https:\/\/www.facebook.com\/imagine.surfschool\/","article_modified_time":"2025-01-14T17:46:38+00:00","og_image":[{"width":1920,"height":1080,"url":"https:\/\/imagine.aiopi.fi\/wp-content\/uploads\/2020\/08\/Beginner4.jpg","type":"image\/jpeg"}],"twitter_card":"summary_large_image","twitter_misc":{"Tempo estimado de leitura":"8 minutos"},"schema":{"@context":"https:\/\/schema.org","@graph":[{"@type":"WebPage","@id":"https:\/\/imagine.aiopi.fi\/pt-pt\/iniciantes\/","url":"https:\/\/imagine.aiopi.fi\/pt-pt\/iniciantes\/","name":"Iniciantes - Imagine Surf School - Aulas para Iniciantes - Comporta","isPartOf":{"@id":"https:\/\/imagine.aiopi.fi\/pt-pt\/#website"},"primaryImageOfPage":{"@id":"https:\/\/imagine.aiopi.fi\/pt-pt\/iniciantes\/#primaryimage"},"image":{"@id":"https:\/\/imagine.aiopi.fi\/pt-pt\/iniciantes\/#primaryimage"},"thumbnailUrl":"https:\/\/imagine.aiopi.fi\/wp-content\/uploads\/2020\/08\/Beginner4.jpg","datePublished":"2020-08-05T20:40:27+00:00","dateModified":"2025-01-14T17:46:38+00:00","description":"As aulas de Surf para iniciantes s\u00e3o dadas na Praia do Pego, Comporta e s\u00e3o adequadas para alunos a partir dos 6 anos de idade.","breadcrumb":{"@id":"https:\/\/imagine.aiopi.fi\/pt-pt\/iniciantes\/#breadcrumb"},"inLanguage":"pt-PT","potentialAction":[{"@type":"ReadAction","target":["https:\/\/imagine.aiopi.fi\/pt-pt\/iniciantes\/"]}]},{"@type":"ImageObject","inLanguage":"pt-PT","@id":"https:\/\/imagine.aiopi.fi\/pt-pt\/iniciantes\/#primaryimage","url":"https:\/\/imagine.aiopi.fi\/wp-content\/uploads\/2020\/08\/Beginner4.jpg","contentUrl":"https:\/\/imagine.aiopi.fi\/wp-content\/uploads\/2020\/08\/Beginner4.jpg","width":1920,"height":1080},{"@type":"BreadcrumbList","@id":"https:\/\/imagine.aiopi.fi\/pt-pt\/iniciantes\/#breadcrumb","itemListElement":[{"@type":"ListItem","position":1,"name":"In\u00edcio","item":"https:\/\/imagine.aiopi.fi\/pt-pt\/"},{"@type":"ListItem","position":2,"name":"Iniciantes"}]},{"@type":"WebSite","@id":"https:\/\/imagine.aiopi.fi\/pt-pt\/#website","url":"https:\/\/imagine.aiopi.fi\/pt-pt\/","name":"Imagine Surf School","description":"Um Novo Esp\u00edrito de Surf na Comporta","publisher":{"@id":"https:\/\/imagine.aiopi.fi\/pt-pt\/#organization"},"potentialAction":[{"@type":"SearchAction","target":{"@type":"EntryPoint","urlTemplate":"https:\/\/imagine.aiopi.fi\/pt-pt\/?s={search_term_string}"},"query-input":{"@type":"PropertyValueSpecification","valueRequired":true,"valueName":"search_term_string"}}],"inLanguage":"pt-PT"},{"@type":"Organization","@id":"https:\/\/imagine.aiopi.fi\/pt-pt\/#organization","name":"Imagine Surf School","url":"https:\/\/imagine.aiopi.fi\/pt-pt\/","logo":{"@type":"ImageObject","inLanguage":"pt-PT","@id":"https:\/\/imagine.aiopi.fi\/pt-pt\/#\/schema\/logo\/image\/","url":"https:\/\/imagine.aiopi.fi\/wp-content\/uploads\/2020\/07\/IMAGINElogo512x205.png","contentUrl":"https:\/\/imagine.aiopi.fi\/wp-content\/uploads\/2020\/07\/IMAGINElogo512x205.png","width":512,"height":205,"caption":"Imagine Surf School"},"image":{"@id":"https:\/\/imagine.aiopi.fi\/pt-pt\/#\/schema\/logo\/image\/"},"sameAs":["https:\/\/www.facebook.com\/imagine.surfschool\/","https:\/\/www.instagram.com\/imagine.surfschool\/"]}]}},"_links":{"self":[{"href":"https:\/\/imagine.aiopi.fi\/pt-pt\/wp-json\/wp\/v2\/pages\/4521","targetHints":{"allow":["GET"]}}],"collection":[{"href":"https:\/\/imagine.aiopi.fi\/pt-pt\/wp-json\/wp\/v2\/pages"}],"about":[{"href":"https:\/\/imagine.aiopi.fi\/pt-pt\/wp-json\/wp\/v2\/types\/page"}],"author":[{"embeddable":true,"href":"https:\/\/imagine.aiopi.fi\/pt-pt\/wp-json\/wp\/v2\/users\/1"}],"replies":[{"embeddable":true,"href":"https:\/\/imagine.aiopi.fi\/pt-pt\/wp-json\/wp\/v2\/comments?post=4521"}],"version-history":[{"count":0,"href":"https:\/\/imagine.aiopi.fi\/pt-pt\/wp-json\/wp\/v2\/pages\/4521\/revisions"}],"wp:featuredmedia":[{"embeddable":true,"href":"https:\/\/imagine.aiopi.fi\/pt-pt\/wp-json\/wp\/v2\/media\/4593"}],"wp:attachment":[{"href":"https:\/\/imagine.aiopi.fi\/pt-pt\/wp-json\/wp\/v2\/media?parent=4521"}],"curies":[{"name":"wp","href":"https:\/\/api.w.org\/{rel}","templated":true}]}}